{"id":486,"date":"2023-07-07T10:24:05","date_gmt":"2023-07-07T10:24:05","guid":{"rendered":"https:\/\/ugc.webotvurci.cz\/az-en-szamlam\/"},"modified":"2023-10-24T12:50:01","modified_gmt":"2023-10-24T12:50:01","slug":"az-en-szamlam","status":"publish","type":"page","link":"https:\/\/ugc.webotvurci.cz\/hu\/az-en-szamlam\/","title":{"rendered":"Az \u00e9n sz\u00e1ml\u00e1m"},"content":{"rendered":"\t\t<div data-elementor-type=\"wp-page\" data-elementor-id=\"486\" class=\"elementor elementor-486 elementor-53\" data-elementor-post-type=\"page\">\n\t\t\t\t\t\t\t<div class=\"elementor-element elementor-element-633b33dd e-con-full e-flex e-con e-parent\" data-id=\"633b33dd\" data-element_type=\"container\" id=\"dashboard-wrap\" data-settings=\"{&quot;content_width&quot;:&quot;full&quot;}\" data-core-v316-plus=\"true\">\n\t\t<div class=\"elementor-element elementor-element-14d61d56 e-con-full e-flex e-con e-child\" data-id=\"14d61d56\" data-element_type=\"container\" id=\"dashboard-sidebar\" data-settings=\"{&quot;content_width&quot;:&quot;full&quot;,&quot;background_background&quot;:&quot;classic&quot;}\">\n\t\t\t\t<div class=\"elementor-element elementor-element-15ae6d7f elementor-widget elementor-widget-heading\" data-id=\"15ae6d7f\" data-element_type=\"widget\" data-widget_type=\"heading.default\">\n\t\t\t\t<div class=\"elementor-widget-container\">\n\t\t\t<style>\/*! elementor - v3.16.0 - 17-10-2023 *\/\n.elementor-heading-title{padding:0;margin:0;line-height:1}.elementor-widget-heading .elementor-heading-title[class*=elementor-size-]>a{color:inherit;font-size:inherit;line-height:inherit}.elementor-widget-heading .elementor-heading-title.elementor-size-small{font-size:15px}.elementor-widget-heading .elementor-heading-title.elementor-size-medium{font-size:19px}.elementor-widget-heading .elementor-heading-title.elementor-size-large{font-size:29px}.elementor-widget-heading .elementor-heading-title.elementor-size-xl{font-size:39px}.elementor-widget-heading .elementor-heading-title.elementor-size-xxl{font-size:59px}<\/style><h3 class=\"elementor-heading-title elementor-size-default\">Navig\u00e1ci\u00f3<\/h3>\t\t<\/div>\n\t\t\t\t<\/div>\n\t\t\t\t<div class=\"elementor-element elementor-element-1461686 elementor-nav-menu--dropdown-none elementor-widget elementor-widget-nav-menu\" data-id=\"1461686\" data-element_type=\"widget\" id=\"c-sidebar-menu\" data-settings=\"{&quot;layout&quot;:&quot;vertical&quot;,&quot;submenu_icon&quot;:{&quot;value&quot;:&quot;&lt;i class=\\&quot;fas fa-caret-down\\&quot;&gt;&lt;\\\/i&gt;&quot;,&quot;library&quot;:&quot;fa-solid&quot;}}\" data-widget_type=\"nav-menu.default\">\n\t\t\t\t<div class=\"elementor-widget-container\">\n\t\t\t<link rel=\"stylesheet\" href=\"https:\/\/ugc.webotvurci.cz\/wp-content\/uploads\/elementor\/css\/custom-pro-widget-nav-menu.min.css?ver=1752226307\">\t\t\t<nav class=\"elementor-nav-menu--main elementor-nav-menu__container elementor-nav-menu--layout-vertical e--pointer-background e--animation-fade\">\n\t\t\t\t<ul id=\"menu-1-1461686\" class=\"elementor-nav-menu sm-vertical\"><li class=\"menu-item menu-item-type-post_type menu-item-object-page menu-item-69\"><a href=\"https:\/\/ugc.webotvurci.cz\/muj-ucet\/\" class=\"elementor-item\">Az \u00e9n sz\u00e1ml\u00e1m<\/a><\/li>\n<li class=\"menu-item menu-item-type-post_type menu-item-object-page menu-item-68\"><a href=\"https:\/\/ugc.webotvurci.cz\/materialy\/\" class=\"elementor-item\">Anyagok<\/a><\/li>\n<li class=\"menu-item menu-item-type-post_type menu-item-object-page menu-item-67\"><a href=\"https:\/\/ugc.webotvurci.cz\/faq\/\" class=\"elementor-item\">GYIK<\/a><\/li>\n<li class=\"menu-item menu-item-type-post_type menu-item-object-page menu-item-2600\"><a href=\"https:\/\/ugc.webotvurci.cz\/verejny-profil\/\" class=\"elementor-item\">Nyilv\u00e1nos profil<\/a><\/li>\n<\/ul>\t\t\t<\/nav>\n\t\t\t\t\t\t<nav class=\"elementor-nav-menu--dropdown elementor-nav-menu__container\" aria-hidden=\"true\">\n\t\t\t\t<ul id=\"menu-2-1461686\" class=\"elementor-nav-menu sm-vertical\"><li class=\"menu-item menu-item-type-post_type menu-item-object-page menu-item-69\"><a href=\"https:\/\/ugc.webotvurci.cz\/muj-ucet\/\" class=\"elementor-item\" tabindex=\"-1\">Az \u00e9n sz\u00e1ml\u00e1m<\/a><\/li>\n<li class=\"menu-item menu-item-type-post_type menu-item-object-page menu-item-68\"><a href=\"https:\/\/ugc.webotvurci.cz\/materialy\/\" class=\"elementor-item\" tabindex=\"-1\">Anyagok<\/a><\/li>\n<li class=\"menu-item menu-item-type-post_type menu-item-object-page menu-item-67\"><a href=\"https:\/\/ugc.webotvurci.cz\/faq\/\" class=\"elementor-item\" tabindex=\"-1\">GYIK<\/a><\/li>\n<li class=\"menu-item menu-item-type-post_type menu-item-object-page menu-item-2600\"><a href=\"https:\/\/ugc.webotvurci.cz\/verejny-profil\/\" class=\"elementor-item\" tabindex=\"-1\">Nyilv\u00e1nos profil<\/a><\/li>\n<\/ul>\t\t\t<\/nav>\n\t\t\t\t<\/div>\n\t\t\t\t<\/div>\n\t\t\t\t<div class=\"elementor-element elementor-element-171b5145 elementor-widget elementor-widget-template\" data-id=\"171b5145\" data-element_type=\"widget\" data-widget_type=\"template.default\">\n\t\t\t\t<div class=\"elementor-widget-container\">\n\t\t\t\t\t<div class=\"elementor-template\">\n\t\t\t\t\t<div data-elementor-type=\"section\" data-elementor-id=\"554\" class=\"elementor elementor-554 elementor-83\" data-elementor-post-type=\"elementor_library\">\n\t\t\t\t\t\t<div class=\"elementor-element elementor-element-0d5498d e-flex e-con-boxed e-con e-parent\" data-id=\"0d5498d\" data-element_type=\"container\" data-settings=\"{&quot;content_width&quot;:&quot;boxed&quot;}\" data-core-v316-plus=\"true\">\n\t\t\t\t\t<div class=\"e-con-inner\">\n\t\t<div class=\"elementor-element elementor-element-26e8bc5 c-manager-box e-flex e-con-boxed e-con e-child\" data-id=\"26e8bc5\" data-element_type=\"container\" data-settings=\"{&quot;content_width&quot;:&quot;boxed&quot;}\">\n\t\t\t\t\t<div class=\"e-con-inner\">\n\t\t\t\t<div class=\"elementor-element elementor-element-a794b03 elementor-align-center elementor-icon-list--layout-traditional elementor-list-item-link-full_width elementor-widget elementor-widget-icon-list\" data-id=\"a794b03\" data-element_type=\"widget\" data-widget_type=\"icon-list.default\">\n\t\t\t\t<div class=\"elementor-widget-container\">\n\t\t\t<link rel=\"stylesheet\" href=\"https:\/\/ugc.webotvurci.cz\/wp-content\/uploads\/elementor\/css\/custom-widget-icon-list.min.css?ver=1752226307\">\t\t<ul class=\"elementor-icon-list-items\">\n\t\t\t\t\t\t\t<li class=\"elementor-icon-list-item\">\n\t\t\t\t\t\t\t\t\t\t<span class=\"elementor-icon-list-text\"><p class='contact-box__name'><\/p><\/span>\n\t\t\t\t\t\t\t\t\t<\/li>\n\t\t\t\t\t\t\t\t<li class=\"elementor-icon-list-item\">\n\t\t\t\t\t\t\t\t\t\t<span class=\"elementor-icon-list-text\"><p class='contact-box__position'><\/p><\/span>\n\t\t\t\t\t\t\t\t\t<\/li>\n\t\t\t\t\t\t\t\t<li class=\"elementor-icon-list-item\">\n\t\t\t\t\t\t\t\t\t\t<span class=\"elementor-icon-list-text\"><a href='tel:' class='contact-box__phone'><\/a><\/span>\n\t\t\t\t\t\t\t\t\t<\/li>\n\t\t\t\t\t\t\t\t<li class=\"elementor-icon-list-item\">\n\t\t\t\t\t\t\t\t\t\t<span class=\"elementor-icon-list-text\"><a href='mailto:' class='contact-box__email'><\/a><\/span>\n\t\t\t\t\t\t\t\t\t<\/li>\n\t\t\t\t\t\t<\/ul>\n\t\t\t\t<\/div>\n\t\t\t\t<\/div>\n\t\t\t\t\t<\/div>\n\t\t\t\t<\/div>\n\t\t\t\t\t<\/div>\n\t\t\t\t<\/div>\n\t\t\t\t\t\t<\/div>\n\t\t\t\t<\/div>\n\t\t\t\t<\/div>\n\t\t\t\t<\/div>\n\t\t\t\t<\/div>\n\t\t<div class=\"elementor-element elementor-element-166f6f16 e-con-full e-flex e-con e-child\" data-id=\"166f6f16\" data-element_type=\"container\" id=\"dashboard-body\" data-settings=\"{&quot;content_width&quot;:&quot;full&quot;}\">\n\t\t<div class=\"elementor-element elementor-element-9cedb61 e-con-full e-flex e-con e-child\" data-id=\"9cedb61\" data-element_type=\"container\" data-settings=\"{&quot;content_width&quot;:&quot;full&quot;}\">\n\t\t\t\t<div class=\"elementor-element elementor-element-2400d32d elementor-widget elementor-widget-heading\" data-id=\"2400d32d\" data-element_type=\"widget\" data-widget_type=\"heading.default\">\n\t\t\t\t<div class=\"elementor-widget-container\">\n\t\t\t<h1 class=\"elementor-heading-title elementor-size-default\">Az \u00e9n sz\u00e1ml\u00e1m<\/h1>\t\t<\/div>\n\t\t\t\t<\/div>\n\t\t\t\t<div class=\"elementor-element elementor-element-09f073a elementor-widget elementor-widget-shortcode\" data-id=\"09f073a\" data-element_type=\"widget\" data-widget_type=\"shortcode.default\">\n\t\t\t\t<div class=\"elementor-widget-container\">\n\t\t\t\t\t<div class=\"elementor-shortcode\">Pro \u00fapravu \u00fadaj\u016f se mus\u00edte nejprve p\u0159ihl\u00e1sit.<\/div>\n\t\t\t\t<\/div>\n\t\t\t\t<\/div>\n\t\t\t\t<\/div>\n\t\t<div class=\"elementor-element elementor-element-63b47c0 e-con-full e-flex e-con e-child\" data-id=\"63b47c0\" data-element_type=\"container\" data-settings=\"{&quot;content_width&quot;:&quot;full&quot;}\">\n\t\t\t\t<div class=\"elementor-element elementor-element-c216a6f elementor-widget elementor-widget-heading\" data-id=\"c216a6f\" data-element_type=\"widget\" data-widget_type=\"heading.default\">\n\t\t\t\t<div class=\"elementor-widget-container\">\n\t\t\t<h1 class=\"elementor-heading-title elementor-size-default\">Jelsz\u00f3 m\u00f3dos\u00edt\u00e1sa<\/h1>\t\t<\/div>\n\t\t\t\t<\/div>\n\t\t\t\t<div class=\"elementor-element elementor-element-835734d elementor-widget elementor-widget-shortcode\" data-id=\"835734d\" data-element_type=\"widget\" data-widget_type=\"shortcode.default\">\n\t\t\t\t<div class=\"elementor-widget-container\">\n\t\t\t\t\t<div class=\"elementor-shortcode\">Pro zm\u011bnu hesla se mus\u00edte nejprve p\u0159ihl\u00e1sit.<\/div>\n\t\t\t\t<\/div>\n\t\t\t\t<\/div>\n\t\t\t\t<\/div>\n\t\t\t\t<\/div>\n\t\t<div class=\"elementor-element elementor-element-0e2674b e-con-full e-flex e-con e-child\" data-id=\"0e2674b\" data-element_type=\"container\" data-settings=\"{&quot;content_width&quot;:&quot;full&quot;}\">\n\t\t\t\t<div class=\"elementor-element elementor-element-c3572bd elementor-widget elementor-widget-shortcode\" data-id=\"c3572bd\" data-element_type=\"widget\" data-settings=\"{&quot;sticky&quot;:&quot;top&quot;,&quot;sticky_parent&quot;:&quot;yes&quot;,&quot;sticky_on&quot;:[&quot;desktop&quot;,&quot;laptop&quot;],&quot;sticky_offset&quot;:0,&quot;sticky_effects_offset&quot;:0}\" data-widget_type=\"shortcode.default\">\n\t\t\t\t<div class=\"elementor-widget-container\">\n\t\t\t\t\t<div class=\"elementor-shortcode\"><\/div>\n\t\t\t\t<\/div>\n\t\t\t\t<\/div>\n\t\t\t\t<\/div>\n\t\t\t\t<\/div>\n\t\t\t\t\t\t\t<\/div>\n\t\t","protected":false},"excerpt":{"rendered":"<p>Navig\u00e1ci\u00f3 Az \u00e9n sz\u00e1ml\u00e1m Jelsz\u00f3 m\u00f3dos\u00edt\u00e1sa<\/p>\n","protected":false},"author":1,"featured_media":0,"parent":0,"menu_order":0,"comment_status":"closed","ping_status":"closed","template":"elementor_header_footer","meta":{"footnotes":""},"class_list":["post-486","page","type-page","status-publish","hentry"],"acf":[],"_links":{"self":[{"href":"https:\/\/ugc.webotvurci.cz\/hu\/wp-json\/wp\/v2\/pages\/486","targetHints":{"allow":["GET"]}}],"collection":[{"href":"https:\/\/ugc.webotvurci.cz\/hu\/wp-json\/wp\/v2\/pages"}],"about":[{"href":"https:\/\/ugc.webotvurci.cz\/hu\/wp-json\/wp\/v2\/types\/page"}],"author":[{"embeddable":true,"href":"https:\/\/ugc.webotvurci.cz\/hu\/wp-json\/wp\/v2\/users\/1"}],"replies":[{"embeddable":true,"href":"https:\/\/ugc.webotvurci.cz\/hu\/wp-json\/wp\/v2\/comments?post=486"}],"version-history":[{"count":0,"href":"https:\/\/ugc.webotvurci.cz\/hu\/wp-json\/wp\/v2\/pages\/486\/revisions"}],"wp:attachment":[{"href":"https:\/\/ugc.webotvurci.cz\/hu\/wp-json\/wp\/v2\/media?parent=486"}],"curies":[{"name":"wp","href":"https:\/\/api.w.org\/{rel}","templated":true}]}}